{"id":3038,"date":"2024-01-11T08:06:43","date_gmt":"2024-01-11T08:06:43","guid":{"rendered":"https:\/\/3d2wuwbvcct.preview.infomaniak.website\/?page_id=3038"},"modified":"2024-01-11T09:08:57","modified_gmt":"2024-01-11T09:08:57","slug":"human-capital-advisory-services","status":"publish","type":"page","link":"https:\/\/tgs-romania.com\/ro\/our-expertise\/human-capital-advisory-services\/","title":{"rendered":"Servicii de consultan\u021b\u0103 pentru resurse umane"},"content":{"rendered":"<p><strong style=\"color: orange;\">Cum pute\u0163i ob\u021bine cele mai bune rezultate din for\u021ba dvs. de munc\u0103<\/strong><\/p>\n\n\n\n<p>Indiferent de industria dvs., v\u0103 pute\u021bi confrunta cu urmatoarele provoc\u0103ri legate de for\u021ba de munc\u0103 \u00een mediul de afaceri de ast\u0103zi, dar nu numai:<\/p>\n\n\n\n<ul class=\"wp-block-list\">\n<li><strong>For\u021ba de munc\u0103 modern\u0103 este divers\u0103 \u0219i dinamic\u0103<\/strong>, cu genera\u021bii diferite, seturi de abilit\u0103\u021bi \u0219i preferin\u021be de munc\u0103. Trebuie s\u0103 gestiona\u021bi aceast\u0103 complexitate \u0219i s\u0103 naviga\u021bi \u00een problemele legate de achizi\u021bionarea, dezvoltarea \u0219i p\u0103strarea talentelor,<\/li>\n\n\n\n<li><strong>Oamenii dumneavoastr\u0103 sunt un activ esen\u021bial \u0219i un factor cheie al avantajului competitiv.<\/strong> Trebuie s\u0103 v\u0103 alinia\u021bi strategia de resurse umane cu obiectivele generale de afaceri, asigur\u00e2ndu-v\u0103 c\u0103 managementul talentelor este o prioritate strategic\u0103,<\/li>\n\n\n\n<li><strong>Progresele tehnologice<\/strong>, inclusiv automatizarea \u0219i inteligen\u021ba artificial\u0103, remodeleaz\u0103 locul de munc\u0103. Trebuie s\u0103 v\u0103 adapta\u021bi la aceste schimb\u0103ri, ajut\u00e2ndu-v\u0103 angaja\u021bii s\u0103 dezvolte noi abilit\u0103\u021bi \u0219i valorific\u00e2nd tehnologia pentru a v\u0103 \u00eembun\u0103t\u0103\u021bi procesele de resurse umane,<\/li>\n\n\n\n<li><strong>Exist\u0103 un accent tot mai mare pe crearea de experien\u021be pozitive ale angaja\u021bilor<\/strong> pentru a atrage \u0219i re\u021bine talentele de top. Trebuie s\u0103 fi\u0163i \u00een v\u00e2rful acestei tendin\u021be, ceea ce \u00eenseamn\u0103 s\u0103 lucra\u0163i la ini\u021biative legate de implicarea angaja\u021bilor, bun\u0103stare \u0219i cultura la locul de munc\u0103, contribuind la un mediu de lucru mai satisf\u0103c\u0103tor \u0219i mai productiv,<\/li>\n\n\n\n<li><strong>Globalizarea \u0219i pandemia COVID-19 au dus la o for\u021b\u0103 de munc\u0103 de la distan\u021b\u0103 \u0219i dispersat\u0103 geografic<\/strong>. Cre\u0219terea muncii la distan\u021b\u0103, accelerat\u0103 de progresele tehnologice, a f\u0103cut managementul for\u021bei de munc\u0103 mai complex. Trebuie s\u0103 implementa\u021bi strategii pentru gestionarea echipelor distribuite \u0219i promovarea colabor\u0103rii,<\/li>\n\n\n\n<li><strong>A\u0219tept\u0103rile \u00een materie de leadership evolueaz\u0103<\/strong>, cu accent pe stilurile de leadership adaptabile \u0219i incluzive. Trebuie s\u0103 identifica\u021bi \u0219i s\u0103 dezvolta\u021bi deja acei lideri care pot naviga prin schimbare, s\u0103 stimuleze inova\u021bia \u0219i s\u0103 conduc\u0103 eficient echipe diverse,<\/li>\n\n\n\n<li><strong>Legile \u0219i reglement\u0103rile privind ocuparea for\u021bei de munc\u0103 sunt \u00een continu\u0103 evolu\u021bie<\/strong>, dar trebuie s\u0103 r\u0103m\u00e2ne\u021bi \u00eentotdeauna \u00een conformitate cu legile muncii, s\u0103 naviga\u021bi prin schimb\u0103rile de reglementare \u0219i s\u0103 gestiona\u021bi riscurile asociate cu practicile for\u021bei de munc\u0103,<\/li>\n\n\n\n<li><strong>Responsabilitatea social\u0103 corporativ\u0103 \u0219i sustenabilitatea c\u00e2\u0219tig\u0103 proeminen\u021b\u0103<\/strong>. Trebuie s\u0103 integra\u021bi practicile de durabilitate \u00een strategiile dvs. de resurse umane, abord\u00e2nd considerentele de mediu, sociale \u0219i de guvernan\u0163\u0103 (ESG),<\/li>\n\n\n\n<li><strong>Exist\u0103 o con\u0219tientizare sporit\u0103 a importan\u021bei diversit\u0103\u021bii, echit\u0103\u021bii \u0219i incluziunii la locul de munc\u0103<\/strong>. Acest lucru este, de asemenea, aliniat cu strategia mai mare a Uniunii Europene \u00een ceea ce prive\u0219te ESG. Trebuie s\u0103 dezvolta\u021bi \u0219i s\u0103 implementa\u021bi strategii care s\u0103 promoveze o for\u021b\u0103 de munc\u0103 mai divers\u0103 \u0219i mai incluziv\u0103,<\/li>\n\n\n\n<li><strong>Freelancing-ul \u0219i aranjamentele flexibile de munc\u0103 modific\u0103 modelele tradi\u021bionale de angajare<\/strong>. Trebuie s\u0103 v\u0103 adapta\u021bi practicile de resurse umane pentru a se alinia cu aceste noi forme de munc\u0103 \u0219i pentru a gestiona eficient lucr\u0103torii dvs.,<\/li>\n\n\n\n<li><strong>Utilizarea analizei datelor \u00een HR este \u00een cre\u0219tere<\/strong>. Trebuie s\u0103 utiliza\u021bi date pentru a oferi informa\u021bii despre tendin\u021bele for\u021bei de munc\u0103, pentru a lua decizii informate cu privire la managementul talentelor, performan\u021ba \u0219i strategia general\u0103 de resurse umane.<\/li>\n<\/ul>\n\n\n\n<p><\/p>\n\n\n\n<p><strong style=\"color: orange;\">tgs Rom\u00e2nia<\/strong> v\u0103 poate sf\u0103tui cu privire la urm\u0103toarele \u0219i multe altele:<\/p>\n\n\n\n<ul class=\"wp-block-list\">\n<li>Construirea \u0219i implementarea strategiei dvs. de resurse umane,<\/li>\n\n\n\n<li>Optimizarea resurselor umane ale organiza\u021biei dvs.,<\/li>\n\n\n\n<li>Cre\u0219terea performan\u021bei \u0219i productivit\u0103\u021bii organiza\u021bionale pentru a atinge obiective de afaceri provocatoare,<\/li>\n\n\n\n<li>Angajarea \u0219i re\u021binerea celor mai buni talente,<\/li>\n\n\n\n<li>Consolidarea capacit\u0103\u021bilor \u00een domenii cheie strategice,<\/li>\n\n\n\n<li>\u00cembun\u0103t\u0103\u021birea proceselor \u0219i sistemelor organiza\u021bionale,<\/li>\n\n\n\n<li>Asigurarea conformit\u0103\u021bii cu legile \u0219i reglement\u0103rile.<\/li>\n<\/ul>\n\n\n\n<p><\/p>\n\n\n\n<p>Zonele unde putem ajuta includ:<\/p>\n\n\n\n<figure class=\"wp-block-table is-style-regular\"><table><tbody><tr><td><strong>Achizi\u021bia \u0219i recrutarea de talente<\/strong><\/td><td>\u23f5 Dezvoltarea strategiilor de recrutare pentru a atrage \u0219i angaja talente de top.<br>\u23f5 Proiectarea \u0219i implementarea proceselor de angajare eficiente.<br>\u23f5 Oferirea de expertiz\u0103 \u00een brandingul angajatorului pentru a spori atractivitatea organiza\u021biei pentru poten\u021bialii candida\u021bi.<\/td><\/tr><tr><td><strong>Cre\u015fterea motiv\u0103rii angaja\u021bilor \u0219i re\u021binerea acestora \u00een cadrul companiei<\/strong><\/td><td>\u23f5 Evaluarea \u0219i \u00eembun\u0103t\u0103\u021birea satisfac\u021biei \u0219i angajamentului angaja\u021bilor.<br>\u23f5 Dezvoltarea de strategii de reten\u021bie pentru a reduce plec\u0103rile \u0219i a spori loialitatea angaja\u021bilor.<br>\u23f5 Efectuarea de sondaje \u0219i sesiuni de feedback pentru a \u00een\u021belege nevoile \u0219i preocup\u0103rile angaja\u021bilor.<\/td><\/tr><tr><td><strong>Managementul performan\u021bei<\/strong><\/td><td>\u23f5 Proiectarea \u0219i implementarea sistemelor de evaluare a performan\u021bei.<br>\u23f5 Dezvoltarea de metrici de performan\u021b\u0103 \u0219i indicatori cheie de performan\u021b\u0103 (KPI).<br>\u23f5 Oferirea de instruire privind feedback-ul \u0219i \u00eembun\u0103t\u0103\u021birea performan\u021bei.<\/td><\/tr><tr><td><strong>Dezvoltarea Leadershipului<\/strong><\/td><td>\u23f5 Identificarea \u0219i cultivarea poten\u021bialului de leadership \u00een cadrul organiza\u021biei.<br>\u23f5 Elaborarea de programe de dezvoltare a leadershipului \u0219i ini\u021biative de formare.<br>\u23f5 Planificarea succesiunii pentru a asigura o serie de lideri capabili.<\/td><\/tr><tr><td><strong>\u00cenv\u0103\u021bare \u0219i dezvoltare<\/strong><\/td><td>\u23f5 Evaluarea nevoilor de formare \u0219i proiectarea programelor de \u00eenv\u0103\u021bare.<br>\u23f5 Implementarea ini\u021biativelor de formare pentru a \u00eembun\u0103t\u0103\u021bi abilit\u0103\u021bile \u0219i cuno\u0219tin\u021bele angaja\u021bilor.<br>\u23f5 Utilizarea tehnologiei pentru e-learning \u0219i oportunit\u0103\u021bi de \u00eenv\u0103\u021bare continu\u0103<\/td><\/tr><tr><td><strong>Managementul schimb\u0103rii organiza\u021bionale<\/strong><\/td><td>\u23f5 Asisten\u021b\u0103 \u00een gestionarea schimb\u0103rilor organiza\u021bionale, cum ar fi fuziuni, achizi\u021bii sau restructurare.<br>\u23f5 Dezvoltarea strategiilor de management al schimb\u0103rii pentru a asigura o tranzi\u021bie f\u0103r\u0103 probleme.<br>\u23f5 Oferirea de sprijin \u00een comunicarea \u0219i alinierea angaja\u021bilor la schimb\u0103ri.<\/td><\/tr><tr><td><strong>Planificarea \u0219i analiza for\u021bei de munc\u0103<\/strong><\/td><td>\u23f5 Analizarea datelor for\u021bei de munc\u0103 pentru a lua decizii informate.<br>\u23f5 Dezvoltarea strategiilor de planificare a for\u021bei de munc\u0103 pentru a satisface nevoile viitoare de afaceri.<br>\u23f5 Utilizarea analizei pentru a optimiza eficien\u021ba \u0219i productivitatea for\u021bei de munc\u0103.<\/td><\/tr><tr><td><strong>Beneficiile \u0219i bun\u0103starea angaja\u021bilor<\/strong><\/td><td>\u23f5 Proiectarea \u0219i gestionarea programelor de beneficii pentru angaja\u021bi.<br>\u23f5 Implementarea ini\u021biativelor de wellness pentru a sprijini s\u0103n\u0103tatea \u0219i bun\u0103starea angaja\u021bilor.<br>\u23f5 Consiliere cu privire la politicile legate de echilibrul dintre munc\u0103 \u0219i via\u021ba privat\u0103 \u0219i flexibilitate.<\/td><\/tr><tr><td><strong>Conformitatea \u0219i dezvoltarea politicilor de resurse umane<\/strong><\/td><td>\u23f5 Asigurarea conformit\u0103\u021bii cu legile \u0219i reglement\u0103rile muncii.<br>\u23f5 Dezvoltarea \u0219i actualizarea politicilor de resurse umane pentru a se alinia la cerin\u021bele legale \u0219i standardele din industrie.<\/td><\/tr><tr><td><strong>Implementarea tehnologiei HR<\/strong><\/td><td>\u23f5 Consiliere privind selectarea \u0219i implementarea HRIS (Sisteme Informa\u021bionale pentru Resurse Umane).<br>\u23f5 Integrarea solu\u021biilor tehnologice pentru a eficientiza procesele de HR \u0219i pentru a spori eficien\u021ba.<\/td><\/tr><\/tbody><\/table><\/figure>\n\n\n\n<p>Serviciile noastre sunt adaptate pentru a r\u0103spunde nevoilor specifice ale fiec\u0103rei organiza\u021bii, iar exper\u021bii no\u0219tri vor lucra \u00eendeaproape cu clien\u021bii pentru a le \u00een\u021belege obiectivele \u0219i provoc\u0103rile \u00eenainte de a oferi solu\u021bii personalizate.<\/p>\n\n\n\n<p>Pentru mai multe informa\u021bii, v\u0103 rug\u0103m s\u0103 \u00eel contacta\u021bi pe Dl. <strong>Christos Seferis<\/strong>, Managing Partner, la <a href=\"mailto:c.seferis@tgs-romania.com\">c.seferis@tgs-romania.com<\/a>, \u0219i Dna. <strong>Mihaela Ro\u0219u<\/strong>, BPO, Payroll and Tax Partner la <a href=\"mailto:m.rosu@tgs-romania.com\">m.rosu@tgs-romania.com<\/a>, sau Dl. <strong>Kemal \u00d6zmen<\/strong>, Assurance and Risk Advisory Director, la <a href=\"mailto:k.ozmen@tgs-romania.com\">k.ozmen@tgs-romania.com<\/a>.<\/p>","protected":false},"excerpt":{"rendered":"<p>Getting the Best Out of Your Workforce Regardless of the industry you are in, you may face challenges related to your workforce in today\u2019s business environment, mainly: tgs Romania can advise you on the following and more: Examples of where we can help include: Talent Acquisition and Recruitment \u23f5 Developing recruitment strategies to attract and [&hellip;]<\/p>\n","protected":false},"author":5,"featured_media":0,"parent":14,"menu_order":5,"comment_status":"closed","ping_status":"closed","template":"","meta":{"_acf_changed":false,"footnotes":""},"class_list":["post-3038","page","type-page","status-publish","hentry"],"acf":[],"_links":{"self":[{"href":"https:\/\/tgs-romania.com\/ro\/wp-json\/wp\/v2\/pages\/3038","targetHints":{"allow":["GET"]}}],"collection":[{"href":"https:\/\/tgs-romania.com\/ro\/wp-json\/wp\/v2\/pages"}],"about":[{"href":"https:\/\/tgs-romania.com\/ro\/wp-json\/wp\/v2\/types\/page"}],"author":[{"embeddable":true,"href":"https:\/\/tgs-romania.com\/ro\/wp-json\/wp\/v2\/users\/5"}],"replies":[{"embeddable":true,"href":"https:\/\/tgs-romania.com\/ro\/wp-json\/wp\/v2\/comments?post=3038"}],"version-history":[{"count":5,"href":"https:\/\/tgs-romania.com\/ro\/wp-json\/wp\/v2\/pages\/3038\/revisions"}],"predecessor-version":[{"id":3046,"href":"https:\/\/tgs-romania.com\/ro\/wp-json\/wp\/v2\/pages\/3038\/revisions\/3046"}],"up":[{"embeddable":true,"href":"https:\/\/tgs-romania.com\/ro\/wp-json\/wp\/v2\/pages\/14"}],"wp:attachment":[{"href":"https:\/\/tgs-romania.com\/ro\/wp-json\/wp\/v2\/media?parent=3038"}],"curies":[{"name":"wp","href":"https:\/\/api.w.org\/{rel}","templated":true}]}}