{"id":3010,"date":"2024-01-08T08:19:44","date_gmt":"2024-01-08T08:19:44","guid":{"rendered":"https:\/\/3d2wuwbvcct.preview.infomaniak.website\/?page_id=3010"},"modified":"2024-01-09T09:00:07","modified_gmt":"2024-01-09T09:00:07","slug":"financial-advisory-services","status":"publish","type":"page","link":"https:\/\/tgs-romania.com\/ro\/our-expertise\/financial-advisory-services\/","title":{"rendered":"Servicii de consultan\u021b\u0103 financiar\u0103"},"content":{"rendered":"<p><strong style=\"color: orange;\">SERVICII DE CONSULTAN\u021a\u0102 FINANCIAR\u0102 F\u0102R\u0102 FRIC\u021aIUNE CARE \u020a\u021aI FAC MUNC\u0102 MAI SIMPL\u0102<\/strong><\/p>\n\n\n\n<p>Cum pot serviciile noastre de consultan\u0163a financiar\u0103 s\u0103 adauge valoare organiza\u021biei dumneavoastr\u0103? Aceast\u0103 \u00eentrebare este punctul nostru de plecare pentru a ne asigura c\u0103 oferim informa\u021bii valoroase care vor contribui la:<\/p>\n\n\n\n<ul class=\"wp-block-list\">\n<li>\u00cembun\u0103t\u0103\u021birea \u015fi dezvoltarea companiei dvs.,<\/li>\n\n\n\n<li>Cre\u0219terea profitabilit\u0103\u021bii,<\/li>\n\n\n\n<li>Identificarea \u0219i reducerea amenin\u021b\u0103rilor financiare \u0219i opera\u021bionale.<\/li>\n<\/ul>\n\n\n\n<p><\/p>\n\n\n\n<p>Nu toate serviciile de consultan\u0163\u0103 sunt la fel. V\u0103 sun\u0103 cunoscut\u0103 vreuna dintre aceste experien\u021be?<\/p>\n\n\n\n<ul class=\"wp-block-list\">\n<li>Lipsa de transparen\u021b\u0103 \u00een ceea ce prive\u0219te costurile de consultan\u021b\u0103 \u0219i termenele limit\u0103;<\/li>\n\n\n\n<li>O supra\u00eenc\u0103rcare a jargonului corporativ \u00een comunica\u021bii,<\/li>\n\n\n\n<li>Promisiuni \u00eenc\u0103lcate cu privire la munca de consultan\u0163\u0103.<\/li>\n<\/ul>\n\n\n\n<p><\/p>\n\n\n\n<p>C\u00e2nd dori\u021bi o abordare \u0219i un rezultat revigorant de diferit, serviciile noastre de consultan\u0163\u0103 ofer\u0103 transparen\u021b\u0103, claritate \u0219i responsabilitate.<\/p>\n\n\n\n<p><strong style=\"color: orange;\">tgs Rom\u00e2nia<\/strong> a crescut \u0219i continu\u0103 s\u0103 creasc\u0103, pentru c\u0103 reputa\u021bia noastr\u0103 \u0219i satisfac\u021bia dumneavoastr\u0103 sunt totul pentru noi \u2013 iar acest lucru str\u0103luce\u0219te prin munca noastr\u0103.<\/p>\n\n\n\n<p>Ve\u021bi g\u0103si o prezentare general\u0103 a expertizei noastre de consultan\u0163a financiar\u0103 mai jos. Ne-ar pl\u0103cea s\u0103 afl\u0103m de la dvs. dac\u0103 cauta\u021bi ajutor \u00eentr-un domeniu sau \u00een mai multe domenii.<\/p>\n\n\n\n<p><strong>Bugetare, planificare financiar\u0103 \u0219i control<\/strong><\/p>\n\n\n\n<p>Nu ave\u021bi nevoie de noi s\u0103 v\u0103 spunem c\u00e2t de esen\u021bial este s\u0103 ave\u021bi finan\u021bele afacerii dvs. \u00een stare bun\u0103. Serviciile noastre de consultan\u0163\u0103 \u00een acest domeniu v\u0103 vor oferi claritate, previziune \u0219i experien\u021b\u0103 relevant\u0103 pentru a v\u0103 permite s\u0103 privi\u021bi cu mai mult\u0103 \u00eencredere viitorul financiar al organiza\u021biei dumneavoastr\u0103.<\/p>\n\n\n\n<p>Ve\u021bi beneficia de expertiza noastr\u0103 \u00een urm\u0103toarele zone dar nu numai:<\/p>\n\n\n\n<ul class=\"wp-block-list\">\n<li>Preg\u0103tirea situa\u0163iilor financiare de sf\u00e2r\u0219it de an,<\/li>\n\n\n\n<li>Evalu\u0103ri ale conturilor de management,<\/li>\n\n\n\n<li>Preg\u0103tirea bugetului \u0219i proiec\u021biile financiare pe termen scurt\/lung.<\/li>\n<\/ul>\n\n\n\n<p><\/p>\n\n\n\n<p>De asemenea, ve\u021bi ob\u021bine valoare din abordarea \u0219i perspectiva noastr\u0103 proactiv\u0103. V\u0103 vom ajuta s\u0103 \u00een\u021belege\u021bi cum s\u0103 utiliza\u021bi datele financiare la \u00eendem\u00e2n\u0103 pentru a planifica eficient, pentru a face orice modific\u0103ri interne necesare \u0219i pentru a folosi instrumentele potrivite pentru a v\u0103 ajuta organiza\u021bia s\u0103 prospere \u00een vremuri incerte.<\/p>\n\n\n\n<p>Procesele dumneavoastr\u0103 financiare sunt \u00eenc\u0103 potrivite\/bune? Au loc progrese semnificative \u00een controlare \u0219i conformitate, datorit\u0103 inteligen\u021bei artificiale (AI) \u0219i altor tehnologii.<\/p>\n\n\n\n<p>Serviciile noastre de consultan\u0163\u0103 au o viziune holistic\u0103 atunci c\u00e2nd dori\u021bi s\u0103 v\u0103 moderniza\u021bi func\u021bia financiar\u0103 intern\u0103. Ne propunem s\u0103 oferim eficien\u021b\u0103 f\u0103r\u0103 a impacta \u00een mod negativ conformitatea dvs. cu reglementarile existente \u0219i\/sau cu Standardele Interna\u021bionale de Raportare Financiar\u0103 (IFRS).<\/p>\n\n\n\n<p>Accesarea re\u021belei de exper\u021bi care lucreaz\u0103 pentru <strong style=\"color: orange;\">tgs Rom\u00e2nia<\/strong> v\u0103 va asigura c\u0103 sfaturile \u0219i sprijinul pe care \u00eel primi\u021bi sunt de \u00eencredere, actuale \u0219i valoroase.<\/p>\n\n\n\n<p><strong>Infiin\u0163area afacerilor noi<\/strong><\/p>\n\n\n\n<p>C\u00e2nd c\u0103uta\u021bi s\u0103 v\u0103 restructura\u021bi afacerea actual\u0103 sau s\u0103 deschide\u021bi noi companii \u00een diferite jurisdic\u021bii, este vital s\u0103 \u00een\u021belege\u021bi implica\u021biile.<\/p>\n\n\n\n<p><strong style=\"color: orange;\">tgs Rom\u00e2nia<\/strong> v\u0103 poate ghida prin argumentele pro \u0219i contra \u0219i v\u0103 poate sf\u0103tui cu privire la cea mai bun\u0103 cale de urmat \u00een func\u021bie de circumstan\u021bele dvs. Av\u00e2nd o mul\u021bime de informa\u021bii de navigat, merit\u0103 s\u0103 ob\u021bine\u021bi sfaturi profesionale pentru a evita capcanele obi\u015fnuite \u00een \u00eenfiin\u0163area unor afaceri noi, cum ar fi:<\/p>\n\n\n\n<ul class=\"wp-block-list\">\n<li>Ne\u00een\u021belegerea pe deplin a implica\u021biilor fiscale ale deciziilor dvs.,<\/li>\n\n\n\n<li>Necon\u0219tien\u021bizarea responsabilit\u0103\u021bilor dumneavoastr\u0103 juridice \u0219i a celor legate de reglement\u0103ri,<\/li>\n\n\n\n<li>Necon\u0219tien\u021bizarea costurilor ascunse.<\/li>\n<\/ul>\n\n\n\n<p><\/p>\n\n\n\n<p>Unul dintre cele mai mari beneficii ale colabor\u0103rii cu <strong style=\"color: orange;\">tgs Rom\u00e2nia<\/strong> , precum \u0219i cu re\u021beaua <strong style=\"color: orange;\">tgs Global<\/strong> a firmelor membre este acela de a avea oameni pe teren cu degetele pe puls \u00een zeci de \u021b\u0103ri din \u00eentreaga lume (noi ne \u00eendrept\u0103m c\u0103tre 100).<\/p>\n\n\n\n<p>C\u00e2nd intra\u021bi \u00een contact cu noi \u00een leg\u0103tur\u0103 cu serviciile noastre de consultan\u0163\u0103, ne vom asigura c\u0103 ave\u021bi persoana potrivit\u0103 care s\u0103 v\u0103 ghideze prin procesul de \u00eenfiin\u0163area unoi noi afaceri. Aceste cuno\u0219tin\u021be locale sunt de nepre\u021buit \u0219i vor oferi:<\/p>\n\n\n\n<ul class=\"wp-block-list\">\n<li>Lini\u0219te sufleteasc\u0103,<\/li>\n\n\n\n<li>Claritate,<\/li>\n\n\n\n<li>Eficien\u021ba costurilor.<\/li>\n<\/ul>\n\n\n\n<p><\/p>\n\n\n\n<p>De ce s\u0103 se \u00eengreuneze lucrurile mai mult dec\u00e2t trebuie? Ne angaj\u0103m s\u0103 v\u0103 oferim c\u00e2t mai repede ajutorul de care ave\u021bi nevoie.<\/p>\n\n\n\n<p><strong>Planuri de afaceri, expertize \u0219i evalu\u0103ri<\/strong><\/p>\n\n\n\n<p>Un plan de afaceri robust poate avea multe avantaje, inclusiv ajutarea la:<\/p>\n\n\n\n<ul class=\"wp-block-list\">\n<li>Ob\u021binerea \u00eemprumuturilor bancare,<\/li>\n\n\n\n<li>Securizarea capitalului suplimentar,<\/li>\n\n\n\n<li>Preg\u0103tirea noilor oportunit\u0103\u021bi, cum ar fi parteneriate.<\/li>\n<\/ul>\n\n\n\n<p><\/p>\n\n\n\n<p>Fiecare plan de afaceri este diferit, a\u0219a c\u0103 atunci c\u00e2nd alege\u021bi serviciile noastre de consultan\u021b\u0103, nu ve\u021bi primi o solu\u021bie deja disponibil\u0103. <strong style=\"color: orange;\">tgs Rom\u00e2nia<\/strong> face timp pentru a v\u0103 \u00een\u021belege afacerea, obiectivele, obstacolele \u0219i multe altele pentru a v\u0103 oferi ceea ce ave\u021bi nevoie pentru a merge mai departe cu \u00eencredere.<\/p>\n\n\n\n<p>Ne-ar pl\u0103cea s\u0103 lucr\u0103m cu dvs. indiferent de stadiul \u00een care v\u0103 afla\u021bi:<\/p>\n\n\n\n<ul class=\"wp-block-list\">\n<li>C\u0103uta\u021bi ajutor pentru a \u00eencepe cu planul dvs. de afaceri,<\/li>\n\n\n\n<li>Dori\u0163i s\u0103 ob\u021bine\u021bi o evaluare \u0219i un sfat independent,<\/li>\n\n\n\n<li>Dori\u0163i s\u0103 v\u0103 revizui\u0163i planul de afaceri ca parte a procesului de evaluare.<\/li>\n<\/ul>\n\n\n\n<p><\/p>\n\n\n\n<p>La <strong style=\"color: orange;\">tgs Rom\u00e2nia<\/strong>, suntem cu to\u021bii despre transparen\u021b\u0103. Ve\u021bi \u0219ti exact cine va fi punctul dvs. de contact, costurile ini\u021biale \u0219i c\u00e2nd va fi livrat\u0103 lucrarea. \u00cen plus, v\u0103 vom ajuta s\u0103 g\u0103si\u021bi cel mai potrivit mod de lucru pentru circumstan\u021bele dvs.<\/p>\n\n\n\n<p>Un plan de afaceri bine g\u00e2ndit este baza succesului viitor. A\u0219adar, dac\u0103 v\u0103 dori\u0163i un partener care s\u0103 lucreze neobosit cu dvs. pentru a face lucrurile corect, nu mai c\u0103uta\u0163i.<\/p>\n\n\n\n<p><strong>Proiec\u021bii de flux de numerar \u0219i de profit<\/strong><\/p>\n\n\n\n<p>Fluxul de numerar este elementul vital al oric\u0103rei afaceri. Cu toate acestea, exist\u0103 momente \u00een care, din diverse motive, compania dumneavoastr\u0103 s-ar putea confrunta cu dificult\u0103\u021bi. Acestea includ:<\/p>\n\n\n\n<ul class=\"wp-block-list\">\n<li>Datorii fiscale care trebuie pl\u0103tite iminent,<\/li>\n\n\n\n<li>Presiunea din partea b\u0103ncii dumneavoastr\u0103 \u0219i a altor creditori<\/li>\n\n\n\n<li>Controale din partea ac\u021bionarilor,<\/li>\n\n\n\n<li>Lipsa de vizibilitate \u0219i prognoz\u0103.<\/li>\n<\/ul>\n\n\n\n<p><\/p>\n\n\n\n<p>Nicio companie nu vrea s\u0103 fie surprins\u0103 de oricare dintre cele de mai sus, dar dac\u0103 \u00eent\u00e2mpina\u021bi probleme \u00een prezent sau dori\u021bi s\u0103 v\u0103 asigura\u021bi c\u0103 nu se repet\u0103, exper\u021bii no\u0219tri \u00een consiliere financiar\u0103 v\u0103 pot ajuta.<\/p>\n\n\n\n<p>Drumul c\u0103tre o claritate financiar\u0103 \u00eembun\u0103t\u0103\u021bit\u0103 \u00eencepe cu accesarea puterii re\u021belei de exper\u021bi <strong style=\"color: orange;\">tgs Rom\u00e2nia<\/strong> .<\/p>\n\n\n\n<p>Expertiza noastr\u0103 v\u0103 poate transforma fluxul de numerar \u0219i v\u0103 poate oferi proiec\u021bii de profit mai puternice \u00een urm\u0103toarele domenii \u0219i mai mult:<\/p>\n\n\n\n<ul class=\"wp-block-list\">\n<li>Revizuirea \u0219i \u00eembun\u0103t\u0103\u021birea modelelor \u0219i proceselor dvs. de prognoz\u0103;<\/li>\n\n\n\n<li>Explorarea acordurilor cu creditorii pentru a spori rezilien\u021ba afacerilor,<\/li>\n\n\n\n<li>Analizarea op\u021biunilor dvs. pentru eliberarea capitalului de lucru,<\/li>\n\n\n\n<li>Planificare, astfel \u00eenc\u00e2t riscurile viitoare s\u0103 fie identificate \u0219i reduse.<\/li>\n<\/ul>\n\n\n\n<p><\/p>\n\n\n\n<p>Dup\u0103 impactul devastator al pandemiei globale, este mai important ca niciodat\u0103 s\u0103 ne preg\u0103tim pentru lucruri nea\u0219teptate. Exist\u0103 mai multe alte provoc\u0103ri cu care se confrunt\u0103 companiile din \u00eentreaga lume, iar navigarea pe cont propriu poate fi dificil\u0103.<\/p>\n\n\n\n<p>O nou\u0103 perspectiv\u0103 asupra previziunilor \u0219i proiectelor dumneavoastr\u0103 financiare v\u0103 poate ajuta s\u0103 preveni\u021bi multe probleme \u0219i s\u0103 v\u0103 ofere un control mai mare.<\/p>\n\n\n\n<p><strong>Administrarea averii<\/strong><\/p>\n\n\n\n<p>Serviciile noastre de consultan\u0163\u0103 se extind \u0219i la gestionarea averii. S\u0103 ave\u0163i propriile dvs. finan\u021be \u00een ordine ca proprietar de afaceri este la fel de important ca s\u0103 v\u0103 asigura\u0163i c\u0103 organiza\u021bia dvs. se afl\u0103 pe baze solide.<\/p>\n\n\n\n<p>Zonele de mai jos sunt adesea lucruri am\u00e2nate de oameni pentru o alt\u0103 zi. Cu toate acestea, s\u0103 v\u0103 acorda\u021bi timp pentru a discuta despre op\u021biunile dvs. nu dureaz\u0103 mult \u0219i v\u0103 va oferi un plus de securitate, \u0219tiind c\u0103 totul este \u00eengrijit cum trebuie.<\/p>\n\n\n\n<ul class=\"wp-block-list\">\n<li>Planificare fiscal\u0103 \u0219i patrimonial\u0103,<\/li>\n\n\n\n<li>Filantropie \u0219i dona\u021bii caritabile,<\/li>\n\n\n\n<li>Pensii \u0219i investi\u021bii.<\/li>\n<\/ul>\n\n\n\n<p><\/p>\n\n\n\n<p>Gestionarea averii dvs. poate afecta, de asemenea, afacerea dvs., de exemplu:<\/p>\n\n\n\n<ul class=\"wp-block-list\">\n<li>C\u00e2nd inten\u021biona\u021bi s\u0103 v\u0103 pensiona\u021bi?<\/li>\n\n\n\n<li>Ce se va \u00eent\u00e2mpla cu partea dvs. din companie c\u00e2nd ve\u021bi deceda?<\/li>\n\n\n\n<li>Cum v\u0103 ve\u021bi finan\u021ba planurile de cre\u0219tere?<\/li>\n<\/ul>\n\n\n\n<p><\/p>\n\n\n\n<p>Cu at\u00e2t de multe firme \u0219i op\u021biuni pe pia\u021ba de gestionare a averii, este esen\u021bial s\u0103 primi\u021bi sfaturi adaptate circumstan\u021belor dvs. Avem o viziune holistic\u0103 asupra situa\u021biei dumneavoastr\u0103 financiare, ca proprietar de afaceri \u0219i persoan\u0103, pentru a v\u0103 oferi sfaturi \u00een care pute\u021bi avea \u00eencredere.<\/p>\n\n\n\n<p>Riscurile \u0219i oportunit\u0103\u021bile poten\u021biale legate de gestionarea averii variaz\u0103 de la o \u021bar\u0103 la alta. A avea la \u00eendem\u00e2n\u0103 cuno\u0219tin\u021bele locale \u0219i interna\u0163ionale actualizate este un lucru standard cu <strong style=\"color: orange;\">tgs Rom\u00e2nia<\/strong> , precum \u0219i cu re\u021beaua <strong style=\"color: orange;\">tgs Global<\/strong> .<\/p>\n\n\n\n<p>Indiferent dac\u0103 circumstan\u021bele dvs. s-au schimbat recent sau nu v-a\u021bi f\u0103cut timp pentru a v\u0103 explora op\u021biunile de gestionare a averii, permite\u021bi-ne s\u0103 v\u0103 clarific\u0103m op\u021biunile pas cu pas.<\/p>\n\n\n\n<p><strong>De ce s\u0103 v\u0103 pune\u021bi \u00eencrederea \u00een<\/strong><strong style=\"color: orange;\"> tgs<\/strong><\/p>\n\n\n\n<p><strong style=\"color: orange;\">tgs<\/strong> este o re\u021bea global\u0103 cu cinci principii de baz\u0103 \u00een inima ei:<\/p>\n\n\n\n<ul class=\"wp-block-list\">\n<li><strong>Credibilitate<\/strong>: profita\u021bi de capabilit\u0103\u021bile \u0219i experien\u021ba de consultan\u0163\u0103 \u00een afaceri ale firmelor tgs verificate cu aten\u021bie din \u00eentreaga lume,<\/li>\n\n\n\n<li><strong>Empatie<\/strong>: beneficia\u021bi de o abordare personal\u0103 \u0219i uman\u0103 a afacerii dvs.,<\/li>\n\n\n\n<li><strong>Progresivitate<\/strong>: firmele noastre membre combin\u0103 cu experien\u021b\u0103 un nivel de serviciu excelent pentru clien\u021bi, incluz\u00e2nd cele mai recente inova\u021bii \u00een domeniul serviciilor de consultan\u021b\u0103,<\/li>\n\n\n\n<li><strong>Sustenabilitate<\/strong>: v\u0103 ajut\u0103m s\u0103 v\u0103 men\u021bine\u0163i pe drumul cel mai bun c\u00e2nd vine vorba de toate aspectele ESG,<\/li>\n\n\n\n<li><strong>Transparen\u021b\u0103<\/strong>: costuri clare \u0219i comunicari frecvente, astfel \u00eenc\u00e2t s\u0103 \u0219ti\u021bi \u00eentotdeauna unde v\u0103 afla\u021bi.<\/li>\n<\/ul>\n\n\n\n<p><\/p>\n\n\n\n<p>\u00cencrederea este o parte esen\u021bial\u0103 a serviciilor noastre de consultan\u021b\u0103 \u00een afaceri. Deoarece suntem o re\u021bea global\u0103 \u00een cre\u0219tere, cu peste 5.000 de profesioni\u0219ti, v\u0103 vom pune \u00een leg\u0103tur\u0103 cu cei mai buni oameni pentru cerin\u021bele dumneavoastr\u0103 specifice. Credem c\u0103 o abordare mai generic\u0103 nu serve\u0219te firma de consultan\u021b\u0103 sau dumneavoastr\u0103 ca client.<\/p>\n\n\n\n<p>Serviciile noastre de consultan\u021b\u0103 se concentreaz\u0103 pe colaborarea cu dvs. pentru a v\u0103 oferi un nivel suplimentar de asisten\u021b\u0103 pentru a v\u0103 atinge obiectivele de afaceri. De exemplu, v\u0103 putem sprijini extinderea pe pie\u021bele str\u0103ine, dezvolt\u0103m asocia\u021bii interna\u021bionale \u00een comun sau externaliz\u0103m procesele de afaceri pentru a ajuta la reducerea costurilor \u0219i pentru a ad\u0103uga claritate \u00een teritorii necunoscute.<\/p>\n\n\n\n<p>Indiferent dac\u0103 a\u021bi avut o experien\u021b\u0103 proast\u0103 cu o alt\u0103 firm\u0103 de consultan\u021b\u0103 \u00een trecut sau dac\u0103 c\u0103uta\u021bi ajutor pentru prima dat\u0103, iat\u0103 trei motive pentru care ar trebui s\u0103 ave\u021bi \u00eencredere \u00een <strong style=\"color: orange;\">tgs<\/strong>.<\/p>\n\n\n\n<ul class=\"wp-block-list\">\n<li><strong>Lini\u0219te sufleteasc\u0103<\/strong> - ve\u0163i semna cu firma potrivit\u0103 ce de\u0163ine cuno\u0219tin\u021bele \u0219i experien\u021ba de care ave\u021bi nevoie din prima,<\/li>\n\n\n\n<li><strong>Ve\u021bi economisi timp<\/strong> - nevoia de a contacta \u0219i de a evalua firmele de consultan\u021b\u0103 v\u0103 va pierde timp din munca dvs. de zi cu zi \u2013 noi facem totul pentru dvs.,<\/li>\n\n\n\n<li><strong>Bucura\u021bi-v\u0103 de o experien\u021b\u0103 f\u0103r\u0103 fric\u021biune<\/strong> \u2013 suntem aici pentru a v\u0103 face lucrurile c\u00e2t mai u\u0219or posibil din momentul \u00een care intra\u021bi \u00een contact cu noi.<\/li>\n<\/ul>\n\n\n\n<p><\/p>\n\n\n\n<p><strong style=\"color: orange;\">G\u00e2ndi\u021bi-v\u0103 la serviciile de consultan\u021b\u0103. G\u00e2ndi\u021bi-v\u0103 la re\u021beaua tgs.<\/strong><\/p>\n\n\n\n<p>Pentru mai multe detalii, v\u0103 rug\u0103m s\u0103 contacta\u021bi exper\u021bii no\u0219tri:<\/p>\n\n\n\n<figure class=\"wp-block-table\"><table><tbody><tr><td><strong>Christos Seferis<\/strong><\/td><td><a href=\"mailto:c.seferis@tgs-romania.com\">c.seferis@tgs-romania.com<\/a><\/td><td>Managing Partner<\/td><td>Contabilitate \u0219i finan\u021be, planificare de afaceri, planificare \u0219i management financiar, raportare financiar\u0103, bugetare, prognoz\u0103\/forecast, guvernan\u021b\u0103 corporativ\u0103, controale interne, managementul riscurilor \u0219i ESG, evalu\u0103ri, IPO-uri, asisten\u021b\u0103 pentru fuziuni \u0219i achizi\u021bii<\/td><\/tr><tr><td><strong>Mihaela Ro<\/strong><strong>\u0219<\/strong><strong>u<\/strong><\/td><td><a href=\"mailto:m.rosu@tgs-romania.com\">m.rosu@tgs-romania.com<\/a><\/td><td>BPO Partner<\/td><td>Contabilitate, probleme financiare \u0219i fiscale, raportare financiar\u0103 \u0219i statutar\u0103, planificare \u0219i management financiar, asisten\u021b\u0103 \u00een resurse umane \u0219i salarizare, asisten\u021b\u0103 pentru implementarea ERP<\/td><\/tr><tr><td><strong>Dumitru Nenov<\/strong><\/td><td><a href=\"mailto:d.nenov@tgs-romania.com\">d.nenov@tgs-romania.com<\/a><\/td><td>BPO, Payroll and Tax Partner<\/td><td>Chestiuni contabile \u0219i financiare, raportare financiar\u0103 \u0219i statutar\u0103, planificare financiar\u0103, management financiar, control, asisten\u021b\u0103 pentru implementarea ERP<\/td><\/tr><tr><td><strong>Kemal <\/strong><strong>\u00d6<\/strong><strong>zmen<\/strong><\/td><td><a href=\"mailto:k.ozmen@tgs-romania.com\">k.ozmen@tgs-romania.com<\/a><\/td><td>Assurance and Risk Advisory Director<\/td><td>Strategie \u0219i planificare de afaceri, planificare \u0219i management financiar, raportare financiar\u0103, bugetare, prognoz\u0103\/forecast, guvernan\u021b\u0103 corporativ\u0103, controale interne, management al riscului \u0219i ESG, Guvernan\u021ba IT, managementul proceselor\/serviciilor IT<\/td><\/tr><\/tbody><\/table><\/figure>","protected":false},"excerpt":{"rendered":"<p>FRICTIONLESS FINANCIAL ADVISORY SERVICES THAT MAKE YOUR JOB EASIER How can our financial advisory services add value to your organization? This question is our starting point to ensure we provide valuable insights that will: Not all advisory services are the same. Do any of these experiences sound familiar? When you want a refreshingly different approach [&hellip;]<\/p>\n","protected":false},"author":5,"featured_media":0,"parent":14,"menu_order":1,"comment_status":"closed","ping_status":"closed","template":"","meta":{"_acf_changed":false,"footnotes":""},"class_list":["post-3010","page","type-page","status-publish","hentry"],"acf":[],"_links":{"self":[{"href":"https:\/\/tgs-romania.com\/ro\/wp-json\/wp\/v2\/pages\/3010","targetHints":{"allow":["GET"]}}],"collection":[{"href":"https:\/\/tgs-romania.com\/ro\/wp-json\/wp\/v2\/pages"}],"about":[{"href":"https:\/\/tgs-romania.com\/ro\/wp-json\/wp\/v2\/types\/page"}],"author":[{"embeddable":true,"href":"https:\/\/tgs-romania.com\/ro\/wp-json\/wp\/v2\/users\/5"}],"replies":[{"embeddable":true,"href":"https:\/\/tgs-romania.com\/ro\/wp-json\/wp\/v2\/comments?post=3010"}],"version-history":[{"count":3,"href":"https:\/\/tgs-romania.com\/ro\/wp-json\/wp\/v2\/pages\/3010\/revisions"}],"predecessor-version":[{"id":3026,"href":"https:\/\/tgs-romania.com\/ro\/wp-json\/wp\/v2\/pages\/3010\/revisions\/3026"}],"up":[{"embeddable":true,"href":"https:\/\/tgs-romania.com\/ro\/wp-json\/wp\/v2\/pages\/14"}],"wp:attachment":[{"href":"https:\/\/tgs-romania.com\/ro\/wp-json\/wp\/v2\/media?parent=3010"}],"curies":[{"name":"wp","href":"https:\/\/api.w.org\/{rel}","templated":true}]}}