{"id":2932,"date":"2023-12-21T15:46:35","date_gmt":"2023-12-21T15:46:35","guid":{"rendered":"https:\/\/3d2wuwbvcct.preview.infomaniak.website\/?page_id=2932"},"modified":"2023-12-27T12:25:35","modified_gmt":"2023-12-27T12:25:35","slug":"microenterprises-income-tax","status":"publish","type":"page","link":"https:\/\/tgs-romania.com\/ro\/news\/microenterprises-income-tax\/","title":{"rendered":"Impozitul pe venitul micro\u00eentreprinderilor"},"content":{"rendered":"<p><strong>Defini\u021bia<\/strong> de <strong>micro\u00eentreprindere<\/strong> se modific\u0103 dup\u0103 cum urmeaz\u0103:<\/p>\n\n\n\n<p>\u2b9a \u00cen ceea ce prive\u0219te condi\u021bia de detinere a partilor sociale\/actiunilor a asocia\u021bilor\/ac\u021bionarilor,<\/p>\n\n\n\n<ul class=\"wp-block-list\">\n<li>\u00cencep\u00e2nd cu data de 1 ianuarie 2024, dac\u0103 \u00een cursul anului, oricare dintre asocia\u021bii\/ac\u021bionarii unei micro\u00eentreprinderi de\u021bine, direct sau indirect, mai mult de 25% din valoarea\/num\u0103rul titlurilor de participare sau al drepturilor de vot atat la persoana juridic\u0103 rom\u00e2n\u0103 analizat\u0103, cat si in alte micro\u00eentreprinderi, asocia\u021bii\/ac\u021bionarii trebuie s\u0103 stabileasca pana la 31 martie inclusiv a anului fiscal urmator, o singura persoana juridica care intr\u0103 \u00een sfera de aplicare a micro\u00eentreprinderii.<\/li>\n<\/ul>\n\n\n\n<ul class=\"wp-block-list\">\n<li>Pentru calificarea \u00een cadrul defini\u021biei micro\u00eentreprinderii, se introduce, de asemenea, ca cerin\u021b\u0103, prezentarea la timp a situa\u021biilor financiare anuale. \u00cen caz contrar, aceasta devine pl\u0103titor de impozit pe profit \u00eencep\u00e2nd cu trimestrul \u00een care oricare dintre aceste condi\u021bii nu a mai fost \u00eendeplinit\u0103.<\/li>\n<\/ul>\n\n\n\n<ul class=\"wp-block-list\">\n<li>\u00cen ceea ce prive\u0219te pragul de venituri de 500 000 de Euro, se aduc si aici clarific\u0103ri, si anume faptul c\u0103 aceast\u0103 limit\u0103 se calculeaz\u0103 lu\u00e2nd \u00een considerare venitul combinat cu venitul \u00eentreprinderilor afiliate \u00een conformitate cu Legea nr. 346\/2004;<\/li>\n<\/ul>\n\n\n\n<ul class=\"wp-block-list\">\n<li>Entit\u0103\u021bile care aplic\u0103 regimul fiscal al micro\u00eentreprinderilor, nu mai sunt eligibile pentru creditul fiscal aferent sponsoriz\u0103rilor \u0219i achizi\u021biei de case de marcat electronice fiscale, \u00eencep\u00e2nd cu anul 2024.<\/li>\n<\/ul>\n\n\n\n<ul class=\"wp-block-list\">\n<li>Intermediarii de asigur\u0103ri \u0219i reasigur\u0103ri ar putea fi organiza\u021bi ca micro\u00eentreprinderi dac\u0103 veniturile din distribu\u021bia activit\u0103\u021bii de asigurare\/reasigurare nu dep\u0103\u0219esc 15% din totalul veniturilor generate.<\/li>\n<\/ul>\n\n\n\n<ul class=\"wp-block-list\">\n<li>P\u00e2n\u0103 la 31 martie 2024, persoanele fizice care de\u021bin mai multe micro\u00eentreprinderi trebuie s\u0103 decid\u0103 care va r\u0103m\u00e2ne micro\u00eentreprindere \u0219i care va deveni pl\u0103titoare de impozit pe profit.<\/li>\n<\/ul>\n\n\n\n<ul class=\"wp-block-list\">\n<li>Entit\u0103\u021bile care se vor califica pentru micro \u00een cursul anului 2024, vor depune situa\u021biile financiare statutare ale anului precedent p\u00e2n\u0103 la 31 martie 2024.<\/li>\n<\/ul>","protected":false},"excerpt":{"rendered":"<p>Defini\u021bia micro\u00eentreprinderii se modific\u0103 dup\u0103 cum urmeaz\u0103: \u2b9a \u00cen ceea ce prive\u0219te condi\u021bia de proprietate de c\u0103tre asocia\u021bi\/ac\u021bionari,<\/p>","protected":false},"author":5,"featured_media":0,"parent":12,"menu_order":13,"comment_status":"closed","ping_status":"closed","template":"","meta":{"_acf_changed":false,"footnotes":""},"class_list":["post-2932","page","type-page","status-publish","hentry"],"acf":[],"_links":{"self":[{"href":"https:\/\/tgs-romania.com\/ro\/wp-json\/wp\/v2\/pages\/2932","targetHints":{"allow":["GET"]}}],"collection":[{"href":"https:\/\/tgs-romania.com\/ro\/wp-json\/wp\/v2\/pages"}],"about":[{"href":"https:\/\/tgs-romania.com\/ro\/wp-json\/wp\/v2\/types\/page"}],"author":[{"embeddable":true,"href":"https:\/\/tgs-romania.com\/ro\/wp-json\/wp\/v2\/users\/5"}],"replies":[{"embeddable":true,"href":"https:\/\/tgs-romania.com\/ro\/wp-json\/wp\/v2\/comments?post=2932"}],"version-history":[{"count":3,"href":"https:\/\/tgs-romania.com\/ro\/wp-json\/wp\/v2\/pages\/2932\/revisions"}],"predecessor-version":[{"id":2961,"href":"https:\/\/tgs-romania.com\/ro\/wp-json\/wp\/v2\/pages\/2932\/revisions\/2961"}],"up":[{"embeddable":true,"href":"https:\/\/tgs-romania.com\/ro\/wp-json\/wp\/v2\/pages\/12"}],"wp:attachment":[{"href":"https:\/\/tgs-romania.com\/ro\/wp-json\/wp\/v2\/media?parent=2932"}],"curies":[{"name":"wp","href":"https:\/\/api.w.org\/{rel}","templated":true}]}}